{"id":6784,"date":"2021-04-22T20:29:43","date_gmt":"2021-04-22T23:29:43","guid":{"rendered":"https:\/\/afetoperipatetico.com\/produto\/libros-kit-2-terapia-de-grupo-peripatetica-fenomenologia-y-psicopatologia-terapia-peripatetica-de-grupo-consideraciones\/"},"modified":"2023-05-30T21:42:02","modified_gmt":"2023-05-31T00:42:02","slug":"kit-2-books-therapy-peripatetic-group-phenomenology-and-psychopathology-therapy-peripatetic-group-considerations","status":"publish","type":"product","link":"https:\/\/afetoperipatetico.com\/es\/producto\/kit-2-books-therapy-peripatetic-group-phenomenology-and-psychopathology-therapy-peripatetic-group-considerations\/","title":{"rendered":"Libros KIT 2: Terapia de Grupo Peripat\u00e9tica Fenomenolog\u00eda y Psicopatolog\u00eda + Terapia Peripat\u00e9tica de Grupo: Consideraciones"},"content":{"rendered":"<h2 class=\"product_title entry-title\">Terapia de grupo peripat\u00e9tica: consideraciones<\/h2>\n<p>&nbsp;<\/p>\n<p>La terapia peripat\u00e9tica es el despliegue de una tradici\u00f3n de trabajo terap\u00e9utico ambulante en salud mental iniciada en 1969\/1970, en Argentina y Brasil, como parte de la Reforma Psiqui\u00e1trica. Este profesional, dedicado a los pacientes cr\u00f3nicos, fue nombrado inicialmente como &#8220;asistente psiqui\u00e1trico&#8221;. Con influencias del psicoan\u00e1lisis y otras teor\u00edas de la psicolog\u00eda, adopt\u00f3 el nombre de &#8220;amigo calificado&#8221; y, m\u00e1s tarde, &#8220;acompa\u00f1amiento terap\u00e9utico&#8221;, como nuevas formas de definir y nombrar este trabajo inusual realizado en apoyo de psiquiatras y psic\u00f3logos.<\/p>\n<p>&nbsp;<\/p>\n<h2 class=\"product_title entry-title\">Terapia Peripat\u00e9tica de Grupo Fenomenolog\u00eda y Psicopatolog\u00eda<\/h2>\n<p>&nbsp;<\/p>\n<p>En su primer libro, Demetrius France analiza la terapia peripat\u00e9tica, tambi\u00e9n conocida como acompa\u00f1amiento terap\u00e9utico, con pinceladas de los dilemas de un joven psic\u00f3logo, en este segundo libro presenta la evoluci\u00f3n del trabajo, incluyendo una reflexi\u00f3n del autor sobre la definici\u00f3n, perspectivas y pr\u00e1ctica de la terapia peripat\u00e9tica.<\/p>\n","protected":false},"excerpt":{"rendered":"<p>Terapia de grupo peripat\u00e9tica: consideraciones &nbsp; La terapia peripat\u00e9tica es el despliegue de una tradici\u00f3n de trabajo terap\u00e9utico ambulante en salud mental iniciada en 1969\/1970, en Argentina y Brasil, como parte de la Reforma Psiqui\u00e1trica. Este profesional, dedicado a los pacientes cr\u00f3nicos, fue nombrado inicialmente como &#8220;asistente psiqui\u00e1trico&#8221;. Con influencias del psicoan\u00e1lisis y otras teor\u00edas de la psicolog\u00eda, adopt\u00f3 el nombre de &#8220;amigo calificado&#8221; y, m\u00e1s tarde, &#8220;acompa\u00f1amiento terap\u00e9utico&#8221;, como nuevas formas de definir y nombrar este trabajo inusual realizado en apoyo de psiquiatras y psic\u00f3logos. &nbsp; Terapia Peripat\u00e9tica de Grupo Fenomenolog\u00eda y Psicopatolog\u00eda &nbsp; En su primer libro, Demetrius France analiza la terapia peripat\u00e9tica, tambi\u00e9n conocida como acompa\u00f1amiento terap\u00e9utico, con pinceladas de los dilemas de un joven psic\u00f3logo, en este segundo libro presenta la evoluci\u00f3n del trabajo, incluyendo una reflexi\u00f3n del autor sobre la definici\u00f3n, perspectivas y pr\u00e1ctica de la terapia peripat\u00e9tica.<\/p>\n","protected":false},"featured_media":5132,"template":"","meta":{"_acf_changed":false},"product_brand":[],"product_cat":[529],"product_tag":[],"class_list":{"0":"post-6784","1":"product","2":"type-product","3":"status-publish","4":"has-post-thumbnail","6":"product_cat-libro","8":"first","9":"instock","10":"sale","11":"featured","12":"taxable","13":"shipping-taxable","14":"purchasable","15":"product-type-simple"},"acf":[],"jetpack_sharing_enabled":true,"_links":{"self":[{"href":"https:\/\/afetoperipatetico.com\/es\/wp-json\/wp\/v2\/product\/6784","targetHints":{"allow":["GET"]}}],"collection":[{"href":"https:\/\/afetoperipatetico.com\/es\/wp-json\/wp\/v2\/product"}],"about":[{"href":"https:\/\/afetoperipatetico.com\/es\/wp-json\/wp\/v2\/types\/product"}],"wp:featuredmedia":[{"embeddable":true,"href":"https:\/\/afetoperipatetico.com\/es\/wp-json\/wp\/v2\/media\/5132"}],"wp:attachment":[{"href":"https:\/\/afetoperipatetico.com\/es\/wp-json\/wp\/v2\/media?parent=6784"}],"wp:term":[{"taxonomy":"product_brand","embeddable":true,"href":"https:\/\/afetoperipatetico.com\/es\/wp-json\/wp\/v2\/product_brand?post=6784"},{"taxonomy":"product_cat","embeddable":true,"href":"https:\/\/afetoperipatetico.com\/es\/wp-json\/wp\/v2\/product_cat?post=6784"},{"taxonomy":"product_tag","embeddable":true,"href":"https:\/\/afetoperipatetico.com\/es\/wp-json\/wp\/v2\/product_tag?post=6784"}],"curies":[{"name":"wp","href":"https:\/\/api.w.org\/{rel}","templated":true}]}}