{"id":6739,"date":"2021-04-22T20:22:43","date_gmt":"2021-04-22T23:22:43","guid":{"rendered":"https:\/\/afetoperipatetico.com\/produto\/terapia-de-grupo-peripatetica-consideraciones\/"},"modified":"2021-04-22T20:22:43","modified_gmt":"2021-04-22T23:22:43","slug":"terapia-peripatetica-grupal","status":"publish","type":"product","link":"https:\/\/afetoperipatetico.com\/es\/producto\/terapia-peripatetica-grupal\/","title":{"rendered":"Terapia de grupo peripat\u00e9tica: consideraciones"},"content":{"rendered":"<p>La terapia peripat\u00e9tica es el despliegue de una tradici\u00f3n de trabajo terap\u00e9utico ambulante en salud mental iniciada en 1969\/1970, en Argentina y Brasil, como parte de la Reforma Psiqui\u00e1trica. Este profesional, dedicado a los pacientes cr\u00f3nicos, fue nombrado inicialmente como &#8220;asistente psiqui\u00e1trico&#8221;. Con influencias del psicoan\u00e1lisis y otras teor\u00edas de la psicolog\u00eda, adopt\u00f3 el nombre de &#8220;amigo calificado&#8221; y, m\u00e1s tarde, &#8220;acompa\u00f1amiento terap\u00e9utico&#8221;, como nuevas formas de definir y nombrar este trabajo inusual realizado en apoyo de psiquiatras y psic\u00f3logos.<\/p>\n","protected":false},"excerpt":{"rendered":"<p>La terapia peripat\u00e9tica es el despliegue de una tradici\u00f3n de trabajo terap\u00e9utico ambulante en salud mental iniciada en 1969\/1970, en Argentina y Brasil, como parte de la Reforma Psiqui\u00e1trica. Este profesional, dedicado a los pacientes cr\u00f3nicos, fue nombrado inicialmente como &#8220;asistente psiqui\u00e1trico&#8221;. Con influencias del psicoan\u00e1lisis y otras teor\u00edas de la psicolog\u00eda, adopt\u00f3 el nombre de &#8220;amigo calificado&#8221; y, m\u00e1s tarde, &#8220;acompa\u00f1amiento terap\u00e9utico&#8221;, como nuevas formas de definir y nombrar este trabajo inusual realizado en apoyo de psiquiatras y psic\u00f3logos.<\/p>\n","protected":false},"featured_media":5126,"template":"","meta":{"_acf_changed":false},"product_brand":[],"product_cat":[529],"product_tag":[],"class_list":{"0":"post-6739","1":"product","2":"type-product","3":"status-publish","4":"has-post-thumbnail","6":"product_cat-libro","8":"first","9":"instock","10":"sale","11":"taxable","12":"shipping-taxable","13":"purchasable","14":"product-type-simple"},"acf":[],"jetpack_sharing_enabled":true,"_links":{"self":[{"href":"https:\/\/afetoperipatetico.com\/es\/wp-json\/wp\/v2\/product\/6739","targetHints":{"allow":["GET"]}}],"collection":[{"href":"https:\/\/afetoperipatetico.com\/es\/wp-json\/wp\/v2\/product"}],"about":[{"href":"https:\/\/afetoperipatetico.com\/es\/wp-json\/wp\/v2\/types\/product"}],"wp:featuredmedia":[{"embeddable":true,"href":"https:\/\/afetoperipatetico.com\/es\/wp-json\/wp\/v2\/media\/5126"}],"wp:attachment":[{"href":"https:\/\/afetoperipatetico.com\/es\/wp-json\/wp\/v2\/media?parent=6739"}],"wp:term":[{"taxonomy":"product_brand","embeddable":true,"href":"https:\/\/afetoperipatetico.com\/es\/wp-json\/wp\/v2\/product_brand?post=6739"},{"taxonomy":"product_cat","embeddable":true,"href":"https:\/\/afetoperipatetico.com\/es\/wp-json\/wp\/v2\/product_cat?post=6739"},{"taxonomy":"product_tag","embeddable":true,"href":"https:\/\/afetoperipatetico.com\/es\/wp-json\/wp\/v2\/product_tag?post=6739"}],"curies":[{"name":"wp","href":"https:\/\/api.w.org\/{rel}","templated":true}]}}