{"id":6736,"date":"2021-04-22T20:18:09","date_gmt":"2021-04-22T23:18:09","guid":{"rendered":"https:\/\/afetoperipatetico.com\/produto\/terapia-de-grupo-peripatetica-fenomenologia-y-psicopatologia-edicao-em-ingles\/"},"modified":"2021-04-22T20:18:09","modified_gmt":"2021-04-22T23:18:09","slug":"peripatetico-grupo-terapia-fenomenologia-y-psicopatologia-edicion-en-ingles","status":"publish","type":"product","link":"https:\/\/afetoperipatetico.com\/es\/producto\/peripatetico-grupo-terapia-fenomenologia-y-psicopatologia-edicion-en-ingles\/","title":{"rendered":"Terapia de Grupo Peripat\u00e9tica Fenomenolog\u00eda y Psicopatolog\u00eda  [Edi\u00e7\u00e3o em Ingl\u00eas]"},"content":{"rendered":"<p>Tanto la psicopatolog\u00eda fenomenoestructural como la terapia peripat\u00e9tica, tambi\u00e9n conocida como acompa\u00f1amiento terap\u00e9utico, son todav\u00eda poco conocidas por los profesionales de la salud y los estudiantes. Este presente trabajo ofrece no solo una discusi\u00f3n te\u00f3rica altamente accesible para los principiantes en fenomenolog\u00eda, sino que tambi\u00e9n propone una nueva perspectiva en psicopatolog\u00eda fenomenoestructural a los lectores m\u00e1s experimentados.<\/p>\n","protected":false},"excerpt":{"rendered":"<p>Tanto la psicopatolog\u00eda fenomenoestructural como la terapia peripat\u00e9tica, tambi\u00e9n conocida como acompa\u00f1amiento terap\u00e9utico, son todav\u00eda poco conocidas por los profesionales de la salud y los estudiantes. Este presente trabajo ofrece no solo una discusi\u00f3n te\u00f3rica altamente accesible para los principiantes en fenomenolog\u00eda, sino que tambi\u00e9n propone una nueva perspectiva en psicopatolog\u00eda fenomenoestructural a los lectores m\u00e1s experimentados.<\/p>\n","protected":false},"featured_media":5138,"template":"","meta":{"_acf_changed":false},"product_brand":[],"product_cat":[529],"product_tag":[],"class_list":{"0":"post-6736","1":"product","2":"type-product","3":"status-publish","4":"has-post-thumbnail","6":"product_cat-libro","8":"first","9":"instock","10":"sale","11":"taxable","12":"shipping-taxable","13":"purchasable","14":"product-type-simple"},"acf":[],"jetpack_sharing_enabled":true,"_links":{"self":[{"href":"https:\/\/afetoperipatetico.com\/es\/wp-json\/wp\/v2\/product\/6736","targetHints":{"allow":["GET"]}}],"collection":[{"href":"https:\/\/afetoperipatetico.com\/es\/wp-json\/wp\/v2\/product"}],"about":[{"href":"https:\/\/afetoperipatetico.com\/es\/wp-json\/wp\/v2\/types\/product"}],"wp:featuredmedia":[{"embeddable":true,"href":"https:\/\/afetoperipatetico.com\/es\/wp-json\/wp\/v2\/media\/5138"}],"wp:attachment":[{"href":"https:\/\/afetoperipatetico.com\/es\/wp-json\/wp\/v2\/media?parent=6736"}],"wp:term":[{"taxonomy":"product_brand","embeddable":true,"href":"https:\/\/afetoperipatetico.com\/es\/wp-json\/wp\/v2\/product_brand?post=6736"},{"taxonomy":"product_cat","embeddable":true,"href":"https:\/\/afetoperipatetico.com\/es\/wp-json\/wp\/v2\/product_cat?post=6736"},{"taxonomy":"product_tag","embeddable":true,"href":"https:\/\/afetoperipatetico.com\/es\/wp-json\/wp\/v2\/product_tag?post=6736"}],"curies":[{"name":"wp","href":"https:\/\/api.w.org\/{rel}","templated":true}]}}