{"id":6734,"date":"2021-04-22T20:12:35","date_gmt":"2021-04-22T23:12:35","guid":{"rendered":"https:\/\/afetoperipatetico.com\/produto\/terapia-peripatetica-grupal-fenomenologia-y-psicopatologia\/"},"modified":"2021-04-22T20:12:35","modified_gmt":"2021-04-22T23:12:35","slug":"terapia-peripatetico-grupo-fenomenologia-y-psicopatologia","status":"publish","type":"product","link":"https:\/\/afetoperipatetico.com\/es\/producto\/terapia-peripatetico-grupo-fenomenologia-y-psicopatologia\/","title":{"rendered":"Terapia peripat\u00e9tica grupal: fenomenolog\u00eda y psicopatolog\u00eda"},"content":{"rendered":"<p>Si en su primer libro, Demetrius France habla de la terapia peripat\u00e9tica, tambi\u00e9n conocida como acompa\u00f1amiento terap\u00e9utico, con pinceladas de los dilemas de un joven psic\u00f3logo, en este segundo libro presenta la evoluci\u00f3n de la obra, incluyendo una reflexi\u00f3n del autor sobre la definici\u00f3n, perspectivas y pr\u00e1ctica de la terapia peripat\u00e9tica.<\/p>\n","protected":false},"excerpt":{"rendered":"<p>Si en su primer libro, Demetrius France habla de la terapia peripat\u00e9tica, tambi\u00e9n conocida como acompa\u00f1amiento terap\u00e9utico, con pinceladas de los dilemas de un joven psic\u00f3logo, en este segundo libro presenta la evoluci\u00f3n de la obra, incluyendo una reflexi\u00f3n del autor sobre la definici\u00f3n, perspectivas y pr\u00e1ctica de la terapia peripat\u00e9tica.<\/p>\n","protected":false},"featured_media":5124,"template":"","meta":{"_acf_changed":false},"product_brand":[],"product_cat":[529],"product_tag":[],"class_list":{"0":"post-6734","1":"product","2":"type-product","3":"status-publish","4":"has-post-thumbnail","6":"product_cat-libro","8":"first","9":"instock","10":"sale","11":"taxable","12":"shipping-taxable","13":"purchasable","14":"product-type-simple"},"acf":[],"jetpack_sharing_enabled":true,"_links":{"self":[{"href":"https:\/\/afetoperipatetico.com\/es\/wp-json\/wp\/v2\/product\/6734","targetHints":{"allow":["GET"]}}],"collection":[{"href":"https:\/\/afetoperipatetico.com\/es\/wp-json\/wp\/v2\/product"}],"about":[{"href":"https:\/\/afetoperipatetico.com\/es\/wp-json\/wp\/v2\/types\/product"}],"wp:featuredmedia":[{"embeddable":true,"href":"https:\/\/afetoperipatetico.com\/es\/wp-json\/wp\/v2\/media\/5124"}],"wp:attachment":[{"href":"https:\/\/afetoperipatetico.com\/es\/wp-json\/wp\/v2\/media?parent=6734"}],"wp:term":[{"taxonomy":"product_brand","embeddable":true,"href":"https:\/\/afetoperipatetico.com\/es\/wp-json\/wp\/v2\/product_brand?post=6734"},{"taxonomy":"product_cat","embeddable":true,"href":"https:\/\/afetoperipatetico.com\/es\/wp-json\/wp\/v2\/product_cat?post=6734"},{"taxonomy":"product_tag","embeddable":true,"href":"https:\/\/afetoperipatetico.com\/es\/wp-json\/wp\/v2\/product_tag?post=6734"}],"curies":[{"name":"wp","href":"https:\/\/api.w.org\/{rel}","templated":true}]}}