{"id":6735,"date":"2021-04-22T20:18:09","date_gmt":"2021-04-22T23:18:09","guid":{"rendered":"https:\/\/afetoperipatetico.com\/produto\/peripatetic-group-therapy-phenomenology-and-psychopathology-edicao-em-ingles\/"},"modified":"2021-04-22T20:18:09","modified_gmt":"2021-04-22T23:18:09","slug":"peripatetic-group-therapy-phenomenology-and-psychopathology-edition-in-english","status":"publish","type":"product","link":"https:\/\/afetoperipatetico.com\/en\/product\/peripatetic-group-therapy-phenomenology-and-psychopathology-edition-in-english\/","title":{"rendered":"Peripatetic Group Therapy Phenomenology and Psychopathology  [Edi\u00e7\u00e3o em Ingl\u00eas]"},"content":{"rendered":"<p>Both the phenomeno-structural psychopathology and the peripatetic therapy, also known as therapeutic accompaniment, are still barely known by health professionals and students. This present work offers not only a highly accessible theoretical discussion to beginners in phenomenology, but also proposes a new perspective in phenomeno-structural psychopathology to the most experienced readers.<\/p>\n","protected":false},"excerpt":{"rendered":"<p>Both the phenomeno-structural psychopathology and the peripatetic therapy, also known as therapeutic accompaniment, are still barely known by health professionals and students. This present work offers not only a highly accessible theoretical discussion to beginners in phenomenology, but also proposes a new perspective in phenomeno-structural psychopathology to the most experienced readers.<\/p>\n","protected":false},"featured_media":5137,"template":"","meta":{"_acf_changed":false},"product_brand":[],"product_cat":[528],"product_tag":[],"class_list":{"0":"post-6735","1":"product","2":"type-product","3":"status-publish","4":"has-post-thumbnail","6":"product_cat-book","8":"first","9":"instock","10":"sale","11":"taxable","12":"shipping-taxable","13":"purchasable","14":"product-type-simple"},"acf":[],"jetpack_sharing_enabled":true,"_links":{"self":[{"href":"https:\/\/afetoperipatetico.com\/en\/wp-json\/wp\/v2\/product\/6735","targetHints":{"allow":["GET"]}}],"collection":[{"href":"https:\/\/afetoperipatetico.com\/en\/wp-json\/wp\/v2\/product"}],"about":[{"href":"https:\/\/afetoperipatetico.com\/en\/wp-json\/wp\/v2\/types\/product"}],"wp:featuredmedia":[{"embeddable":true,"href":"https:\/\/afetoperipatetico.com\/en\/wp-json\/wp\/v2\/media\/5137"}],"wp:attachment":[{"href":"https:\/\/afetoperipatetico.com\/en\/wp-json\/wp\/v2\/media?parent=6735"}],"wp:term":[{"taxonomy":"product_brand","embeddable":true,"href":"https:\/\/afetoperipatetico.com\/en\/wp-json\/wp\/v2\/product_brand?post=6735"},{"taxonomy":"product_cat","embeddable":true,"href":"https:\/\/afetoperipatetico.com\/en\/wp-json\/wp\/v2\/product_cat?post=6735"},{"taxonomy":"product_tag","embeddable":true,"href":"https:\/\/afetoperipatetico.com\/en\/wp-json\/wp\/v2\/product_tag?post=6735"}],"curies":[{"name":"wp","href":"https:\/\/api.w.org\/{rel}","templated":true}]}}